{"id":1257,"date":"2016-11-15T09:49:32","date_gmt":"2016-11-15T09:49:32","guid":{"rendered":"http:\/\/localhost\/donald\/?page_id=1257"},"modified":"2025-03-06T05:58:54","modified_gmt":"2025-03-06T02:58:54","slug":"iletisim","status":"publish","type":"page","link":"https:\/\/mielac.com.tr\/index.php\/iletisim\/","title":{"rendered":"\u0130leti\u015fim"},"content":{"rendered":"<div class=\"wpb-content-wrapper\"><p>[vc_row el_class=&#8221;lh-24&#8243; css=&#8221;.vc_custom_1479281138362{padding-top: 100px !important;padding-bottom: 100px !important;}&#8221;][vc_column][vc_custom_heading text=&#8221;Projelerinize altrnatif \u00e7\u00f6z\u00fcmler ve uygun \u00fcr\u00fcn temini i\u00e7in bizmle ileti\u015fime ge\u00e7in.&#8221; font_container=&#8221;tag:h4|text_align:center|line_height:32px&#8221; use_theme_fonts=&#8221;yes&#8221; css=&#8221;.vc_custom_1741165352657{padding-bottom: 50px !important;}&#8221;][\/vc_column][vc_column width=&#8221;1\/3&#8243;][vc_icon icon_fontawesome=&#8221;fas fa-envelope&#8221; align=&#8221;center&#8221; css=&#8221;&#8221;][vc_custom_heading text=&#8221;E-POSTA&#8221; font_container=&#8221;tag:h5|text_align:center&#8221; use_theme_fonts=&#8221;yes&#8221; css=&#8221;.vc_custom_1741165103285{margin-bottom: 10px !important;}&#8221;][vc_column_text css=&#8221;&#8221;]<\/p>\n<p style=\"text-align: center;\">info@mielac.com.tr<\/p>\n<p>[\/vc_column_text][\/vc_column][vc_column width=&#8221;1\/3&#8243;][vc_icon icon_fontawesome=&#8221;fas fa-phone-alt&#8221; align=&#8221;center&#8221; css=&#8221;&#8221;][vc_custom_heading text=&#8221;Telefon&#8221; font_container=&#8221;tag:h5|text_align:center&#8221; use_theme_fonts=&#8221;yes&#8221; css=&#8221;.vc_custom_1741165177505{margin-bottom: 10px !important;}&#8221;][vc_column_text css=&#8221;&#8221;]<\/p>\n<p style=\"text-align: center;\">+ 90 552 380 24 11<\/p>\n<p>[\/vc_column_text][\/vc_column][vc_column width=&#8221;1\/3&#8243;][vc_icon icon_fontawesome=&#8221;fas fa-map-marker&#8221; align=&#8221;center&#8221; css=&#8221;&#8221;][vc_custom_heading text=&#8221;Adres&#8221; font_container=&#8221;tag:h5|text_align:center&#8221; use_theme_fonts=&#8221;yes&#8221; css=&#8221;.vc_custom_1741165229369{margin-bottom: 10px !important;}&#8221;][vc_column_text css=&#8221;&#8221;]<\/p>\n<p style=\"text-align: center;\">CEV\u0130ZL\u0130 MAH. ZUHAL CAD. R\u0130T\u0130M \u0130STANBUL NO:44BH<br \/>\nMALTEPE\/\u0130STANBUL<\/p>\n<p>[\/vc_column_text][\/vc_column][\/vc_row][vc_row fullwidth=&#8221;yes&#8221; boxed=&#8221;true&#8221; css=&#8221;.vc_custom_1479205798898{padding-top: 0px !important;}&#8221;][vc_column][vc_raw_html css=&#8221;&#8221;]JTNDaWZyYW1lJTIwc3JjJTNEJTIyaHR0cHMlM0ElMkYlMkZ3d3cuZ29vZ2xlLmNvbSUyRm1hcHMlMkZlbWJlZCUzRnBiJTNEJTIxMW0xOCUyMTFtMTIlMjExbTMlMjExZDYwMjkuNDIzMDE1ODgwODgyJTIxMmQyOS4xNDg3MTQxOTM1NzkxMTclMjEzZDQwLjkyMjA3MDk5OTk5OTk5NSUyMTJtMyUyMTFmMCUyMTJmMCUyMTNmMCUyMTNtMiUyMTFpMTAyNCUyMTJpNzY4JTIxNGYxMy4xJTIxM20zJTIxMW0yJTIxMXMweDE0Y2FjNDEzZWM3NGM4ZmYlMjUzQTB4NjViNjgxMTU0Y2ZjMzUyNCUyMTJzUml0aW0lMjUyMCUyNUM0JTI1QjBzdGFuYnVsJTI1MjBBVk0lMjE1ZTAlMjEzbTIlMjExc3RyJTIxMnN0ciUyMTR2MTc0MTE2NTYyMTg2MiUyMTVtMiUyMTFzdHIlMjEyc3RyJTIyJTIwd2lkdGglM0QlMjIxNzYwJTIyJTIwaGVpZ2h0JTNEJTIyMjAwJTIyJTIwc3R5bGUlM0QlMjJib3JkZXIlM0EwJTNCJTIyJTIwYWxsb3dmdWxsc2NyZWVuJTNEJTIyJTIyJTIwbG9hZGluZyUzRCUyMmxhenklMjIlMjByZWZlcnJlcnBvbGljeSUzRCUyMm5vLXJlZmVycmVyLXdoZW4tZG93bmdyYWRlJTIyJTNFJTNDJTJGaWZyYW1lJTNF[\/vc_raw_html][\/vc_column][\/vc_row][vc_row line=&#8221;right&#8221; css=&#8221;.vc_custom_1479282764300{padding-bottom: 140px !important;}&#8221;][vc_column][vc_custom_heading text=&#8221;Form ile ileti\u015fime ge\u00e7in&#8221; use_theme_fonts=&#8221;yes&#8221; css=&#8221;&#8221;]\n<div class=\"wpcf7 no-js\" id=\"wpcf7-f1294-o1\" lang=\"en-US\" dir=\"ltr\" data-wpcf7-id=\"1294\">\n<div class=\"screen-reader-response\"><p role=\"status\" aria-live=\"polite\" aria-atomic=\"true\"><\/p> <ul><\/ul><\/div>\n<form action=\"\/index.php\/wp-json\/wp\/v2\/pages\/1257#wpcf7-f1294-o1\" method=\"post\" class=\"wpcf7-form init\" aria-label=\"Contact form\" novalidate=\"novalidate\" data-status=\"init\">\n<div style=\"display: none;\">\n<input type=\"hidden\" name=\"_wpcf7\" value=\"1294\" \/>\n<input type=\"hidden\" name=\"_wpcf7_version\" value=\"6.0.3\" \/>\n<input type=\"hidden\" name=\"_wpcf7_locale\" value=\"en_US\" \/>\n<input type=\"hidden\" name=\"_wpcf7_unit_tag\" value=\"wpcf7-f1294-o1\" \/>\n<input type=\"hidden\" name=\"_wpcf7_container_post\" value=\"0\" \/>\n<input type=\"hidden\" name=\"_wpcf7_posted_data_hash\" value=\"\" \/>\n<\/div>\n<div class=\"row\">\n\t<div class=\"col-md-4 col-sm-6\">\n\t\t<p><span class=\"wpcf7-form-control-wrap\" data-name=\"your-name\"><input size=\"40\" maxlength=\"400\" class=\"wpcf7-form-control wpcf7-text wpcf7-validates-as-required contact-input\" aria-required=\"true\" aria-invalid=\"false\" placeholder=\"Ad\u0131n\u0131z\" value=\"\" type=\"text\" name=\"your-name\" \/><\/span><br \/>\n<span class=\"wpcf7-form-control-wrap\" data-name=\"your-phone\"><input size=\"40\" maxlength=\"400\" class=\"wpcf7-form-control wpcf7-text contact-input\" aria-invalid=\"false\" placeholder=\"Telefon\" value=\"\" type=\"text\" name=\"your-phone\" \/><\/span>\n\t\t<\/p>\n\t<\/div>\n\t<div class=\"col-md-4 col-sm-6\">\n\t\t<p><span class=\"wpcf7-form-control-wrap\" data-name=\"your-email\"><input size=\"40\" maxlength=\"400\" class=\"wpcf7-form-control wpcf7-email wpcf7-validates-as-required wpcf7-text wpcf7-validates-as-email contact-input\" aria-required=\"true\" aria-invalid=\"false\" placeholder=\"E Posta\" value=\"\" type=\"email\" name=\"your-email\" \/><\/span><br \/>\n<span class=\"wpcf7-form-control-wrap\" data-name=\"your-subject\"><input size=\"40\" maxlength=\"400\" class=\"wpcf7-form-control wpcf7-text contact-input\" aria-invalid=\"false\" placeholder=\"Konu\" value=\"\" type=\"text\" name=\"your-subject\" \/><\/span>\n\t\t<\/p>\n\t<\/div>\n\t<div class=\"col-md-4 col-sm-6\">\n\t\t<p><span class=\"wpcf7-form-control-wrap\" data-name=\"your-message\"><textarea cols=\"40\" rows=\"3\" maxlength=\"2000\" class=\"wpcf7-form-control wpcf7-textarea wpcf7-validates-as-required textarea-contact\" aria-required=\"true\" aria-invalid=\"false\" placeholder=\"Telefon\" name=\"your-message\"><\/textarea><\/span>\n\t\t<\/p>\n\t<\/div>\n\t<div class=\"clearfix\">\n\t<\/div>\n\t<div class=\"col-md-4 \">\n\t\t<p><button type=\"submit\" class=\"ot-btn border-dark btn-contact\">G\u00f6nder<\/button>\n\t\t<\/p>\n\t<\/div>\n<\/div><div class=\"wpcf7-response-output\" aria-hidden=\"true\"><\/div>\n<\/form>\n<\/div>\n[\/vc_column][\/vc_row]<\/p>\n<\/div>","protected":false},"excerpt":{"rendered":"<p>[vc_row el_class=&#8221;lh-24&#8243; css=&#8221;.vc_custom_1479281138362{padding-top: 100px !important;padding-bottom: 100px !important;}&#8221;][vc_column][vc_custom_heading text=&#8221;Projelerinize altrnatif \u00e7\u00f6z\u00fcmler ve uygun \u00fcr\u00fcn temini i\u00e7in bizmle ileti\u015fime ge\u00e7in.&#8221; font_container=&#8221;tag:h4|text_align:center|line_height:32px&#8221; use_theme_fonts=&#8221;yes&#8221; css=&#8221;.vc_custom_1741165352657{padding-bottom: 50px !important;}&#8221;][\/vc_column][vc_column width=&#8221;1\/3&#8243;][vc_icon icon_fontawesome=&#8221;fas fa-envelope&#8221; align=&#8221;center&#8221; css=&#8221;&#8221;][vc_custom_heading text=&#8221;E-POSTA&#8221; font_container=&#8221;tag:h5|text_align:center&#8221; use_theme_fonts=&#8221;yes&#8221; css=&#8221;.vc_custom_1741165103285{margin-bottom: 10px !important;}&#8221;][vc_column_text css=&#8221;&#8221;] info@mielac.com.tr [\/vc_column_text][\/vc_column][vc_column width=&#8221;1\/3&#8243;][vc_icon icon_fontawesome=&#8221;fas fa-phone-alt&#8221; align=&#8221;center&#8221; css=&#8221;&#8221;][vc_custom_heading text=&#8221;Telefon&#8221; font_container=&#8221;tag:h5|text_align:center&#8221; use_theme_fonts=&#8221;yes&#8221; css=&#8221;.vc_custom_1741165177505{margin-bottom: 10px !important;}&#8221;][vc_column_text css=&#8221;&#8221;] + 90 552 380 24 11 [&hellip;]<\/p>\n","protected":false},"author":1,"featured_media":0,"parent":0,"menu_order":0,"comment_status":"closed","ping_status":"closed","template":"page-templates\/template-fullwidth.php","meta":{"footnotes":""},"class_list":["post-1257","page","type-page","status-publish","hentry"],"_links":{"self":[{"href":"https:\/\/mielac.com.tr\/index.php\/wp-json\/wp\/v2\/pages\/1257","targetHints":{"allow":["GET"]}}],"collection":[{"href":"https:\/\/mielac.com.tr\/index.php\/wp-json\/wp\/v2\/pages"}],"about":[{"href":"https:\/\/mielac.com.tr\/index.php\/wp-json\/wp\/v2\/types\/page"}],"author":[{"embeddable":true,"href":"https:\/\/mielac.com.tr\/index.php\/wp-json\/wp\/v2\/users\/1"}],"replies":[{"embeddable":true,"href":"https:\/\/mielac.com.tr\/index.php\/wp-json\/wp\/v2\/comments?post=1257"}],"version-history":[{"count":7,"href":"https:\/\/mielac.com.tr\/index.php\/wp-json\/wp\/v2\/pages\/1257\/revisions"}],"predecessor-version":[{"id":1848,"href":"https:\/\/mielac.com.tr\/index.php\/wp-json\/wp\/v2\/pages\/1257\/revisions\/1848"}],"wp:attachment":[{"href":"https:\/\/mielac.com.tr\/index.php\/wp-json\/wp\/v2\/media?parent=1257"}],"curies":[{"name":"wp","href":"https:\/\/api.w.org\/{rel}","templated":true}]}}