{"id":1375,"date":"2016-11-17T08:18:48","date_gmt":"2016-11-17T08:18:48","guid":{"rendered":"http:\/\/localhost\/donald\/?page_id=1375"},"modified":"2025-03-06T06:27:46","modified_gmt":"2025-03-06T03:27:46","slug":"hizmetler","status":"publish","type":"page","link":"https:\/\/mielac.com.tr\/index.php\/hizmetler\/","title":{"rendered":"H\u0130ZMETLER"},"content":{"rendered":"<div class=\"wpb-content-wrapper\"><p>[vc_row fullwidth=&#8221;yes&#8221; boxed=&#8221;true&#8221; css=&#8221;.vc_custom_1479376092689{padding-bottom: 50px !important;}&#8221;][vc_column]\n\t\n    <article class=\"services-post\">\n\t\t<div class=\"col-md-5 bg-image bg-image-post\" style=\"background-image: url(https:\/\/mielac.com.tr\/wp-content\/uploads\/2016\/11\/iEasyEnergy-day.jpg);\">\n\t\t\t<img decoding=\"async\" src=\"https:\/\/mielac.com.tr\/wp-content\/uploads\/2016\/11\/iEasyEnergy-day.jpg\" class=\"img-responsive\" alt=\"\">\n\t\t<\/div>\n\t\t<div class=\"container\">\n\t\t\t<div class=\"row\">\t\n\t\t\t\t<div class=\"col-md-7 col-md-push-5\">\n\t\t\t\t\t<div class=\"desc\">\n\t\t\t\t\t\t<div class=\"title-block-number\">\n\t\t\t\t\t\t\t<span class=\"big-number\">01<\/span>\t\t\t\t\t\t\t<div class=\"title-service\">\n\t\t\t\t\t\t\t\t<h2 class=\"title-with-sub\">HVAC \u00dcr\u00fcn Tedari\u011fi<\/h2>\n\t\t\t\t\t\t\t\t<span class=\"sub-title\">HVAC \u00dcr\u00fcn Tedari\u011fi<\/span>\t\t\t\t\t\t\t<\/div>\n\t\t\t\t\t\t<\/div>\n\t\t\t\t\t\t<div class=\"exc-serv\"><p>HVAC (Is\u0131tma, Havaland\u0131rma ve Klima) sistemleri, modern binalar\u0131n konforunu ve verimlili\u011fini art\u0131ran en \u00f6nemli unsurlardan biridir. HVAC \u00fcr\u00fcn tedari\u011fi konusunda uzmanla\u015fm\u0131\u015f firmam\u0131z, en kaliteli iklimlendirme \u00e7\u00f6z\u00fcmlerini sunarak, m\u00fc\u015fterilerimizin ihtiya\u00e7lar\u0131na \u00f6zel \u00e7\u00f6z\u00fcmler \u00fcretmektedir.<\/p>\n<\/div>\n\t\t\t\t\t\t<a href=\"https:\/\/mielac.com.tr\/index.php\/services\/hvac-urun-tedarigi\/\" class=\"ot-btn border-dark mgt-30\">Read More<\/a>\n\t\t\t\t\t<\/div>\n\t\t\t\t<\/div>\n\t\t\t<\/div>\n\t\t<\/div>\n\t<\/article>\n\n\t\n    <article class=\"services-post\">\n\t\t<div class=\"col-md-5 col-md-push-7 bg-image bg-image-post\" style=\"background-image: url(https:\/\/mielac.com.tr\/wp-content\/uploads\/2016\/11\/Artboard-19-100.jpg);\">\n\t\t\t<img decoding=\"async\" src=\"https:\/\/mielac.com.tr\/wp-content\/uploads\/2016\/11\/Artboard-19-100.jpg\" class=\"img-responsive\" alt=\"\">\n\t\t<\/div>\n\t\t<div class=\"container\">\n\t\t\t<div class=\"row\">\t\n\t\t\t\t<div class=\"col-md-7 fright\">\n\t\t\t\t\t<div class=\"desc\">\n\t\t\t\t\t\t<div class=\"title-block-number\">\n\t\t\t\t\t\t\t<span class=\"big-number\">02<\/span>\t\t\t\t\t\t\t<div class=\"title-service\">\n\t\t\t\t\t\t\t\t<h2 class=\"title-with-sub\">Projelendirme ve Tasar\u0131m Hizmetleri<\/h2>\n\t\t\t\t\t\t\t\t<span class=\"sub-title\">Projelendirme ve Tasar\u0131m Hizmetleri<\/span>\t\t\t\t\t\t\t<\/div>\n\t\t\t\t\t\t<\/div>\n\t\t\t\t\t\t<div class=\"exc-serv\"><p>HVAC sistemleri, do\u011fru projelendirilmedi\u011fi takdirde verimsiz \u00e7al\u0131\u015farak y\u00fcksek enerji t\u00fcketimine neden olabilir. Firmam\u0131z, enerji verimlili\u011fini \u00f6n planda tutarak projelendirme ve tasar\u0131m hizmetleri sunmaktad\u0131r.<\/p>\n<\/div>\n\t\t\t\t\t\t<a href=\"https:\/\/mielac.com.tr\/index.php\/services\/projelendirme-ve-tasarim-hizmetleri\/\" class=\"ot-btn border-dark mgt-30\">Read More<\/a>\n\t\t\t\t\t<\/div>\n\t\t\t\t<\/div>\n\t\t\t<\/div>\n\t\t<\/div>\n\t<\/article>\n\n\t\n    <article class=\"services-post\">\n\t\t<div class=\"col-md-5 bg-image bg-image-post\" style=\"background-image: url(https:\/\/mielac.com.tr\/wp-content\/uploads\/2016\/11\/Artboard-20-100.jpg);\">\n\t\t\t<img decoding=\"async\" src=\"https:\/\/mielac.com.tr\/wp-content\/uploads\/2016\/11\/Artboard-20-100.jpg\" class=\"img-responsive\" alt=\"\">\n\t\t<\/div>\n\t\t<div class=\"container\">\n\t\t\t<div class=\"row\">\t\n\t\t\t\t<div class=\"col-md-7 col-md-push-5\">\n\t\t\t\t\t<div class=\"desc\">\n\t\t\t\t\t\t<div class=\"title-block-number\">\n\t\t\t\t\t\t\t<span class=\"big-number\">03<\/span>\t\t\t\t\t\t\t<div class=\"title-service\">\n\t\t\t\t\t\t\t\t<h2 class=\"title-with-sub\">Uygulama ve Montaj Hizmetleri<\/h2>\n\t\t\t\t\t\t\t\t<span class=\"sub-title\">Uygulama ve Montaj Hizmetleri<\/span>\t\t\t\t\t\t\t<\/div>\n\t\t\t\t\t\t<\/div>\n\t\t\t\t\t\t<div class=\"exc-serv\"><p>Do\u011fru planlanm\u0131\u015f bir HVAC sistemi, profesyonel bir montaj s\u00fcreci gerektirir. Uygulama ve montaj hizmetlerimiz, uzman ekiplerimiz taraf\u0131ndan b\u00fcy\u00fck bir titizlikle ger\u00e7ekle\u015ftirilmektedir.<\/p>\n<\/div>\n\t\t\t\t\t\t<a href=\"https:\/\/mielac.com.tr\/index.php\/services\/uygulama-ve-montaj-hizmetleri\/\" class=\"ot-btn border-dark mgt-30\">Read More<\/a>\n\t\t\t\t\t<\/div>\n\t\t\t\t<\/div>\n\t\t\t<\/div>\n\t\t<\/div>\n\t<\/article>\n\n\t  \t\n[\/vc_column][\/vc_row][vc_row disable_element=&#8221;yes&#8221; line=&#8221;right&#8221; css=&#8221;.vc_custom_1741164979054{background-image: url(http:\/\/demo.oceanthemes.net\/donald\/wp-content\/uploads\/2016\/11\/bg-services-1.png?id=1700) !important;background-position: 0 0 !important;background-repeat: no-repeat !important;}&#8221; el_class=&#8221;center-right&#8221;][vc_column][vc_custom_heading text=&#8221;WHY YOU SHOULD CHOOSE US&#8221; use_theme_fonts=&#8221;yes&#8221;][\/vc_column][vc_column offset=&#8221;vc_col-md-4&#8243;]\n\t\t\t<div class=\"icon-box-block\">\n\t\t\t<img loading=\"lazy\" decoding=\"async\" width=\"44\" height=\"64\" src=\"https:\/\/mielac.com.tr\/wp-content\/uploads\/2016\/11\/3-3.png\" class=\"img-responsive\" alt=\"\" \/>\t\t\t\t\t\t<h5>Creative Solution<\/h5>\n\t\t\t<p>Curabitur blandit tempus porttitor. Praesent commodo cursus magna, vel scelerisque nisl consectetur et. Nulla vitae elit libero,<\/p>\t\t<\/div>\n\t    \t\n\n\t\t\t<div class=\"icon-box-block\">\n\t\t\t<img loading=\"lazy\" decoding=\"async\" width=\"64\" height=\"64\" src=\"https:\/\/mielac.com.tr\/wp-content\/uploads\/2016\/11\/5-3.png\" class=\"img-responsive\" alt=\"\" \/>\t\t\t\t\t\t<h5>Support 24\/7<\/h5>\n\t\t\t<p>Cras justo odio, dapibus ac facilisis in, egestas eget quam. Vivamus sagittis lacus vel augue laoreet rutrum faucibus dolor auctor.<\/p>\t\t<\/div>\n\t    \t\n[\/vc_column][vc_column offset=&#8221;vc_col-md-4&#8243;]\n\t\t\t<div class=\"icon-box-block\">\n\t\t\t<img loading=\"lazy\" decoding=\"async\" width=\"64\" height=\"64\" src=\"https:\/\/mielac.com.tr\/wp-content\/uploads\/2016\/11\/4-4.png\" class=\"img-responsive\" alt=\"\" \/>\t\t\t\t\t\t<h5>Professional<\/h5>\n\t\t\t<p>Curabitur blandit tempus porttitor. Praesent commodo cursus magna, vel scelerisque nisl consectetur et. Nulla vitae elit libero,<\/p>\t\t<\/div>\n\t    \t\n\n\t\t\t<div class=\"icon-box-block\">\n\t\t\t<img loading=\"lazy\" decoding=\"async\" width=\"35\" height=\"64\" src=\"https:\/\/mielac.com.tr\/wp-content\/uploads\/2016\/11\/6-3.png\" class=\"img-responsive\" alt=\"\" \/>\t\t\t\t\t\t<h5>Fast Performance<\/h5>\n\t\t\t<p>Cras justo odio, dapibus ac facilisis in, egestas eget quam. Vivamus sagittis lacus vel augue laoreet rutrum faucibus dolor auctor.<\/p>\t\t<\/div>\n\t    \t\n[\/vc_column][\/vc_row][vc_row disable_element=&#8221;yes&#8221; fullwidth=&#8221;yes&#8221; boxed=&#8221;true&#8221; css=&#8221;.vc_custom_1741164969812{padding-top: 100px !important;padding-bottom: 100px !important;background-image: url(http:\/\/demo.oceanthemes.net\/donald\/wp-content\/uploads\/2016\/11\/testimonial-3-1.jpg?id=1699) !important;background-position: center !important;background-repeat: no-repeat !important;background-size: cover !important;}&#8221;][vc_column]\n\t\t<div class=\"customNavigation\">\n        <a class=\"btn-1 prev prev-testimonial-h1\"><span class=\"lnr lnr-chevron-left-circle\"><\/span><\/a>\n        <a class=\"btn-1 next next-testimonial-h1\"><span class=\"lnr lnr-chevron-right-circle\"><\/span><\/a>\n\t<\/div><!-- End owl button -->\n\t<div id=\"testimonial-1\" class=\"owl-testimonial-1\">\n\t\t\t\t<div class=\"item-testimonial-1 text-center\">\n\t\t\t<h2>DONALD IS THE <span class=\"color-theme\">MOST SUITABLE<\/span>\r\nFOR ARCHITECTURE WEBSITE<\/h2>\n\t\t\t<p>Vestibulum id ligula porta felis euismod semper. Morbi leo risus, porta ac consectetur ac,<br \/>\nmegestas at eros rutrum faucibus dolor auctor.<\/p>\n\t\t\t<div class=\"info\">\n\t\t\t\t<strong>Deborah Price<\/strong><span>( CEO of Company )<\/span>\n\t\t\t<\/div>\n\t\t\t\n\t\t<\/div>\n\t\t\t\t<div class=\"item-testimonial-1 text-center\">\n\t\t\t<h2><span class=\"color-theme\">DONALD ARCH<\/span> IS MODERN THEME<br> WITH MANY GREAT FEATURES<\/h2>\n\t\t\t<p>Sed posuere consectetur est lobortis porttitor morbi leo tibulum id ligula porta felis euismod<br \/>\nsemper commodo luctus gravida at eget metus.<\/p>\n\t\t\t<div class=\"info\">\n\t\t\t\t<strong>John Doe<\/strong><span>( Founder of Company )<\/span>\n\t\t\t<\/div>\n\t\t\t\n\t\t<\/div>\n\t\t\t\t<div class=\"item-testimonial-1 text-center\">\n\t\t\t<h2>DONALD IS THE <span class=\"color-theme\">MOST SUITABLE<\/span>\r\nFOR ARCHITECTURE WEBSITE<\/h2>\n\t\t\t<p>Fusce dapibus, tellus ac cursus commodo, tortor mauris condimentum nibh, fermentum massa<br \/>\namet risus fermentum massa justo sit amet risus.<\/p>\n\t\t\t<div class=\"info\">\n\t\t\t\t<strong>Jonathan Smith<\/strong><span>( Manager of Company )<\/span>\n\t\t\t<\/div>\n\t\t\t\n\t\t<\/div>\n\t\t\t<\/div>\n\t\n\t<script>\n\t\t(function($) { \"use strict\";\n\t\t\tvar owltestimonial1 = $(\"#testimonial-1\").owlCarousel({\n                autoplay: true,\n\t            autoplayTimeout: 6000,\n                items : 1,\n                loop:true,\n                dots:false,\n                nav:false,\n                animateOut: 'fadeOut',\n                animateIn: 'fadeIn',\n               \n            });\n        \n\t        $(\"body\").on(\"click\",\".next-testimonial-h1\",function(event){\n\t          owltestimonial1.trigger(\"next.owl.carousel\");\n\t        });\n\t        $(\"body\").on(\"click\",\".prev-testimonial-h1\",function(event){\n\t          owltestimonial1.trigger(\"prev.owl.carousel\");\n\t        }); \n\n\t\t})(jQuery); \n\t<\/script>\n\n\t\n[\/vc_column][\/vc_row][vc_row disable_element=&#8221;yes&#8221;][vc_column]\n        <div id=\"partner-69dfe3d738019\" class=\"owl-partner\">\n        \t\t\t\t<div class=\"partner-item\">\n\t\t\t\t            \t\t<img loading=\"lazy\" decoding=\"async\" width=\"468\" height=\"201\" src=\"https:\/\/mielac.com.tr\/wp-content\/uploads\/2025\/03\/Artboard-30-8.png\" class=\"img-responsive\" alt=\"\" srcset=\"https:\/\/mielac.com.tr\/wp-content\/uploads\/2025\/03\/Artboard-30-8.png 468w, https:\/\/mielac.com.tr\/wp-content\/uploads\/2025\/03\/Artboard-30-8-300x129.png 300w\" sizes=\"auto, (max-width: 468px) 100vw, 468px\" \/>            \t\t\t\t<\/div>\n\t\t\t\t\t\t<div class=\"partner-item\">\n\t\t\t\t            \t\t<img loading=\"lazy\" decoding=\"async\" width=\"468\" height=\"201\" src=\"https:\/\/mielac.com.tr\/wp-content\/uploads\/2025\/03\/Artboard-29-8.png\" class=\"img-responsive\" alt=\"\" srcset=\"https:\/\/mielac.com.tr\/wp-content\/uploads\/2025\/03\/Artboard-29-8.png 468w, https:\/\/mielac.com.tr\/wp-content\/uploads\/2025\/03\/Artboard-29-8-300x129.png 300w\" sizes=\"auto, (max-width: 468px) 100vw, 468px\" \/>            \t\t\t\t<\/div>\n\t\t\t\t\t\t<div class=\"partner-item\">\n\t\t\t\t            \t\t<img loading=\"lazy\" decoding=\"async\" width=\"468\" height=\"201\" src=\"https:\/\/mielac.com.tr\/wp-content\/uploads\/2025\/03\/Artboard-28-8.png\" class=\"img-responsive\" alt=\"\" srcset=\"https:\/\/mielac.com.tr\/wp-content\/uploads\/2025\/03\/Artboard-28-8.png 468w, https:\/\/mielac.com.tr\/wp-content\/uploads\/2025\/03\/Artboard-28-8-300x129.png 300w\" sizes=\"auto, (max-width: 468px) 100vw, 468px\" \/>            \t\t\t\t<\/div>\n\t\t\t\t\t\t<div class=\"partner-item\">\n\t\t\t\t            \t\t<img loading=\"lazy\" decoding=\"async\" width=\"468\" height=\"201\" src=\"https:\/\/mielac.com.tr\/wp-content\/uploads\/2025\/03\/Artboard-27-8.png\" class=\"img-responsive\" alt=\"\" srcset=\"https:\/\/mielac.com.tr\/wp-content\/uploads\/2025\/03\/Artboard-27-8.png 468w, https:\/\/mielac.com.tr\/wp-content\/uploads\/2025\/03\/Artboard-27-8-300x129.png 300w\" sizes=\"auto, (max-width: 468px) 100vw, 468px\" \/>            \t\t\t\t<\/div>\n\t\t\t\t\t\t<div class=\"partner-item\">\n\t\t\t\t            \t\t<img loading=\"lazy\" decoding=\"async\" width=\"468\" height=\"201\" src=\"https:\/\/mielac.com.tr\/wp-content\/uploads\/2025\/03\/Artboard-26-8.png\" class=\"img-responsive\" alt=\"\" srcset=\"https:\/\/mielac.com.tr\/wp-content\/uploads\/2025\/03\/Artboard-26-8.png 468w, https:\/\/mielac.com.tr\/wp-content\/uploads\/2025\/03\/Artboard-26-8-300x129.png 300w\" sizes=\"auto, (max-width: 468px) 100vw, 468px\" \/>            \t\t\t\t<\/div>\n\t\t\t\t\t\t<div class=\"partner-item\">\n\t\t\t\t            \t\t<img loading=\"lazy\" decoding=\"async\" width=\"468\" height=\"201\" src=\"https:\/\/mielac.com.tr\/wp-content\/uploads\/2025\/03\/Artboard-25-8.png\" class=\"img-responsive\" alt=\"\" srcset=\"https:\/\/mielac.com.tr\/wp-content\/uploads\/2025\/03\/Artboard-25-8.png 468w, https:\/\/mielac.com.tr\/wp-content\/uploads\/2025\/03\/Artboard-25-8-300x129.png 300w\" sizes=\"auto, (max-width: 468px) 100vw, 468px\" \/>            \t\t\t\t<\/div>\n\t\t\t\t\t\t<div class=\"partner-item\">\n\t\t\t\t            \t\t<img loading=\"lazy\" decoding=\"async\" width=\"468\" height=\"201\" src=\"https:\/\/mielac.com.tr\/wp-content\/uploads\/2025\/03\/Artboard-24-8.png\" class=\"img-responsive\" alt=\"\" srcset=\"https:\/\/mielac.com.tr\/wp-content\/uploads\/2025\/03\/Artboard-24-8.png 468w, https:\/\/mielac.com.tr\/wp-content\/uploads\/2025\/03\/Artboard-24-8-300x129.png 300w\" sizes=\"auto, (max-width: 468px) 100vw, 468px\" \/>            \t\t\t\t<\/div>\n\t\t\t\t\t\t<div class=\"partner-item\">\n\t\t\t\t            \t\t<img loading=\"lazy\" decoding=\"async\" width=\"468\" height=\"201\" src=\"https:\/\/mielac.com.tr\/wp-content\/uploads\/2025\/03\/Artboard-23-8.png\" class=\"img-responsive\" alt=\"\" srcset=\"https:\/\/mielac.com.tr\/wp-content\/uploads\/2025\/03\/Artboard-23-8.png 468w, https:\/\/mielac.com.tr\/wp-content\/uploads\/2025\/03\/Artboard-23-8-300x129.png 300w\" sizes=\"auto, (max-width: 468px) 100vw, 468px\" \/>            \t\t\t\t<\/div>\n\t\t\t\t\t\t<div class=\"partner-item\">\n\t\t\t\t            \t\t<img loading=\"lazy\" decoding=\"async\" width=\"468\" height=\"201\" src=\"https:\/\/mielac.com.tr\/wp-content\/uploads\/2025\/03\/Artboard-22-8.png\" class=\"img-responsive\" alt=\"\" srcset=\"https:\/\/mielac.com.tr\/wp-content\/uploads\/2025\/03\/Artboard-22-8.png 468w, https:\/\/mielac.com.tr\/wp-content\/uploads\/2025\/03\/Artboard-22-8-300x129.png 300w\" sizes=\"auto, (max-width: 468px) 100vw, 468px\" \/>            \t\t\t\t<\/div>\n\t\t\t\t\t\t<div class=\"partner-item\">\n\t\t\t\t            \t\t<img loading=\"lazy\" decoding=\"async\" width=\"468\" height=\"201\" src=\"https:\/\/mielac.com.tr\/wp-content\/uploads\/2025\/03\/Artboard-21-8.png\" class=\"img-responsive\" alt=\"\" srcset=\"https:\/\/mielac.com.tr\/wp-content\/uploads\/2025\/03\/Artboard-21-8.png 468w, https:\/\/mielac.com.tr\/wp-content\/uploads\/2025\/03\/Artboard-21-8-300x129.png 300w\" sizes=\"auto, (max-width: 468px) 100vw, 468px\" \/>            \t\t\t\t<\/div>\n\t\t\t\t\t\t<div class=\"partner-item\">\n\t\t\t\t            \t\t<img loading=\"lazy\" decoding=\"async\" width=\"468\" height=\"201\" src=\"https:\/\/mielac.com.tr\/wp-content\/uploads\/2025\/03\/Artboard-20-8.png\" class=\"img-responsive\" alt=\"\" srcset=\"https:\/\/mielac.com.tr\/wp-content\/uploads\/2025\/03\/Artboard-20-8.png 468w, https:\/\/mielac.com.tr\/wp-content\/uploads\/2025\/03\/Artboard-20-8-300x129.png 300w\" sizes=\"auto, (max-width: 468px) 100vw, 468px\" \/>            \t\t\t\t<\/div>\n\t\t\t\t\t\t<div class=\"partner-item\">\n\t\t\t\t            \t\t<img loading=\"lazy\" decoding=\"async\" width=\"468\" height=\"201\" src=\"https:\/\/mielac.com.tr\/wp-content\/uploads\/2025\/03\/Artboard-19-8.png\" class=\"img-responsive\" alt=\"\" srcset=\"https:\/\/mielac.com.tr\/wp-content\/uploads\/2025\/03\/Artboard-19-8.png 468w, https:\/\/mielac.com.tr\/wp-content\/uploads\/2025\/03\/Artboard-19-8-300x129.png 300w\" sizes=\"auto, (max-width: 468px) 100vw, 468px\" \/>            \t\t\t\t<\/div>\n\t\t\t\t\t<\/div>\n\n\t\t<script>\n\t\t\t(function($) { \"use strict\";\t\n\n\t\t\t\t$( \"#partner-69dfe3d738019\" ).owlCarousel({\n\n    \t\t\t\tautoplay: true,\n\t            \tautoplayTimeout: 5000,\n\t\t            items : 6,\n\t\t            responsiveClass:true,\n\t\t            responsive : {\n\t\t            \/\/ breakpoint from 0 up\n\t\t            0 : {\n\t\t               items:1,\n\t\t            },\n\t\t            \/\/ breakpoint from 480 up\n\t\t            480 : {\n\t\t               items:1,\n\t\t            },\n\t\t            \/\/ breakpoint from 768 up\n\t\t            768 : {\n\t\t                items:3,\n\t\t            },\n\t\t            992 : {\n\t\t                items:3,\n\t\t            },\n\t\t            1440 : {\n\t\t                items:6 - 1,\n\t\t            },\n\t\t            1920 : {\n\t\t                items:6,\n\t\t            }\n\t\t        },\n\t\t            dots:false,\n\t\t            nav:false,\n\t\t            animateOut: 'fadeOut',\n\t\t            animateIn: 'fadeIn',\n\t\t        }); \n\n\t\t\t})(jQuery); \n\t\t<\/script>\n\n[\/vc_column][\/vc_row]<\/p>\n<\/div>","protected":false},"excerpt":{"rendered":"<p>[vc_row fullwidth=&#8221;yes&#8221; boxed=&#8221;true&#8221; css=&#8221;.vc_custom_1479376092689{padding-bottom: 50px !important;}&#8221;][vc_column][\/vc_column][\/vc_row][vc_row disable_element=&#8221;yes&#8221; line=&#8221;right&#8221; css=&#8221;.vc_custom_1741164979054{background-image: url(http:\/\/demo.oceanthemes.net\/donald\/wp-content\/uploads\/2016\/11\/bg-services-1.png?id=1700) !important;background-position: 0 0 !important;background-repeat: no-repeat !important;}&#8221; el_class=&#8221;center-right&#8221;][vc_column][vc_custom_heading text=&#8221;WHY YOU SHOULD CHOOSE US&#8221; use_theme_fonts=&#8221;yes&#8221;][\/vc_column][vc_column offset=&#8221;vc_col-md-4&#8243;][\/vc_column][vc_column offset=&#8221;vc_col-md-4&#8243;][\/vc_column][\/vc_row][vc_row disable_element=&#8221;yes&#8221; fullwidth=&#8221;yes&#8221; boxed=&#8221;true&#8221; css=&#8221;.vc_custom_1741164969812{padding-top: 100px !important;padding-bottom: 100px !important;background-image: url(http:\/\/demo.oceanthemes.net\/donald\/wp-content\/uploads\/2016\/11\/testimonial-3-1.jpg?id=1699) !important;background-position: center !important;background-repeat: no-repeat !important;background-size: cover !important;}&#8221;][vc_column][\/vc_column][\/vc_row][vc_row disable_element=&#8221;yes&#8221;][vc_column][\/vc_column][\/vc_row]<\/p>\n","protected":false},"author":1,"featured_media":0,"parent":0,"menu_order":0,"comment_status":"closed","ping_status":"closed","template":"page-templates\/template-fullwidth.php","meta":{"footnotes":""},"class_list":["post-1375","page","type-page","status-publish","hentry"],"_links":{"self":[{"href":"https:\/\/mielac.com.tr\/index.php\/wp-json\/wp\/v2\/pages\/1375","targetHints":{"allow":["GET"]}}],"collection":[{"href":"https:\/\/mielac.com.tr\/index.php\/wp-json\/wp\/v2\/pages"}],"about":[{"href":"https:\/\/mielac.com.tr\/index.php\/wp-json\/wp\/v2\/types\/page"}],"author":[{"embeddable":true,"href":"https:\/\/mielac.com.tr\/index.php\/wp-json\/wp\/v2\/users\/1"}],"replies":[{"embeddable":true,"href":"https:\/\/mielac.com.tr\/index.php\/wp-json\/wp\/v2\/comments?post=1375"}],"version-history":[{"count":4,"href":"https:\/\/mielac.com.tr\/index.php\/wp-json\/wp\/v2\/pages\/1375\/revisions"}],"predecessor-version":[{"id":1877,"href":"https:\/\/mielac.com.tr\/index.php\/wp-json\/wp\/v2\/pages\/1375\/revisions\/1877"}],"wp:attachment":[{"href":"https:\/\/mielac.com.tr\/index.php\/wp-json\/wp\/v2\/media?parent=1375"}],"curies":[{"name":"wp","href":"https:\/\/api.w.org\/{rel}","templated":true}]}}