{"id":1443,"date":"2016-11-18T07:54:41","date_gmt":"2016-11-18T07:54:41","guid":{"rendered":"http:\/\/localhost\/donald\/?page_id=1443"},"modified":"2025-03-05T14:24:52","modified_gmt":"2025-03-05T11:24:52","slug":"home-1","status":"publish","type":"page","link":"https:\/\/mielac.com.tr\/","title":{"rendered":"Anasayfa"},"content":{"rendered":"<div class=\"wpb-content-wrapper\"><p>[vc_row fullwidth=&#8221;yes&#8221; boxed=&#8221;true&#8221; css=&#8221;.vc_custom_1479801959567{padding-top: 0px !important;padding-bottom: 40px !important;}&#8221;][vc_column][rev_slider_vc alias=&#8221;home-1&#8243;][\/vc_column][\/vc_row][vc_row line=&#8221;left&#8221; el_class=&#8221;top-right size-32&#8243; css=&#8221;.vc_custom_1741162898050{background-image: url(https:\/\/mielac.com.tr\/wp-content\/uploads\/2025\/03\/proje.jpg?id=1809) !important;background-position: 0 0 !important;background-repeat: no-repeat !important;}&#8221;][vc_column][vc_custom_heading text=&#8221;PROJELER\u0130N\u0130ZDE <b>M\u0130EL <\/b> KL\u0130MA VE ENERJ\u0130&#8221; use_theme_fonts=&#8221;yes&#8221; css=&#8221;&#8221;][vc_column_text css=&#8221;.vc_custom_1741163158303{margin-bottom: 50px !important;}&#8221;]Projeleriniz i\u00e7in, ba\u015fta VRF Sistemler olmak \u00fczere, HVAC \u00fcr\u00fcn tedari\u011fi, uygulama hizmetleri, bak\u0131m ve ar\u0131za destek<br \/>\n\u00e7\u00f6z\u00fcmleri konular\u0131nda hizmet vermektedir.<\/p>\n<p>Bunun yan\u0131nda, yurtd\u0131\u015f\u0131ndan \u00fcr\u00fcn getirmek isteyen firmalar i\u00e7in, \u00fcr\u00fcn se\u00e7imleri, sertifikasyon, nakliye ve ithalat konular\u0131nda<br \/>\ndan\u0131\u015fmanl\u0131k hizmetleri de verilmektedir.[\/vc_column_text][\/vc_column][vc_column width=&#8221;1\/3&#8243;]\n\t        <div class=\"icon-box-inline\">\n\t\t\t<img loading=\"lazy\" decoding=\"async\" width=\"141\" height=\"96\" src=\"https:\/\/mielac.com.tr\/wp-content\/uploads\/2025\/03\/Artboard-8.png\" class=\"img-responsive\" alt=\"\" \/>\t\t\t\t\t\t<h5>HVAC \u00dcr\u00fcn Tedari\u011fi<\/h5>\n\t\t\t<p>HVAC sistemlerinizin i\u015fletme maliyetleri d\u00fc\u015ferken karbon ayak izinin azalt\u0131lmas\u0131na katk\u0131da bulunuyoruz\u200b<\/p>\t\t<\/div>\n        \t\n[\/vc_column][vc_column width=&#8221;1\/3&#8243;]\n\t        <div class=\"icon-box-inline\">\n\t\t\t<img loading=\"lazy\" decoding=\"async\" width=\"140\" height=\"96\" src=\"https:\/\/mielac.com.tr\/wp-content\/uploads\/2025\/03\/icon2.png\" class=\"img-responsive\" alt=\"\" \/>\t\t\t\t\t\t<h5>Uygulama ve Montaj Hizmetleri<\/h5>\n\t\t\t<p>HVAC sistemlerinin ba\u015far\u0131l\u0131 bir \u015fekilde devreye al\u0131nmas\u0131 i\u00e7in <strong data-start=\"4187\" data-end=\"4261\">uzman ekiplerimiz taraf\u0131ndan profesyonel uygulama ve montaj hizmetleri<\/strong> sunulmaktad\u0131r.<\/p>\t\t<\/div>\n        \t\n[\/vc_column][vc_column offset=&#8221;vc_hidden-md vc_hidden-sm vc_hidden-xs&#8221;][vc_empty_space height=&#8221;100px&#8221;][\/vc_column][vc_column]\n    <div class=\"experience-year ey1\">\n\t\t<span>25+<\/span>\n\t\t<div class=\"des-text\">\n\t\t\t<strong>Y\u0131l\u0131 A\u015fk\u0131n Deneyim<\/strong>\n\t\t\t<p>Mimari Projelerinizde Uzman Proje Dan\u0131\u015fmanl\u0131\u011f\u0131<\/p>\t\t<\/div>\n\t<\/div>\n  \t\n[\/vc_column][\/vc_row][vc_row disable_element=&#8221;yes&#8221; boxed=&#8221;true&#8221; css=&#8221;.vc_custom_1741173794378{background-image: url(https:\/\/mielac.com.tr\/wp-content\/uploads\/2025\/03\/data-baner.jpg?id=1807) !important;background-position: center !important;background-repeat: no-repeat !important;background-size: cover !important;}&#8221;][vc_column width=&#8221;1\/2&#8243; offset=&#8221;vc_col-md-3&#8243;]\n\t<div class=\"counter-block\">\n\t\t<span class=\"counter\">253<\/span>\n\t\t<p>Proje<\/p>\n\t<\/div>\n  \t\n[\/vc_column][vc_column width=&#8221;1\/2&#8243; offset=&#8221;vc_col-md-3&#8243;]\n\t<div class=\"counter-block\">\n\t\t<span class=\"counter\">146<\/span>\n\t\t<p>M\u00fc\u015fteri<\/p>\n\t<\/div>\n  \t\n[\/vc_column][vc_column width=&#8221;1\/2&#8243; offset=&#8221;vc_col-md-3&#8243;]\n\t<div class=\"counter-block\">\n\t\t<span class=\"counter\">365<\/span>\n\t\t<p>Klima<\/p>\n\t<\/div>\n  \t\n[\/vc_column][vc_column width=&#8221;1\/2&#8243; offset=&#8221;vc_col-md-3&#8243;]\n\t<div class=\"counter-block\">\n\t\t<span class=\"counter\">68<\/span>\n\t\t<p>Dan\u0131\u015fmanl\u0131k<\/p>\n\t<\/div>\n  \t\n[\/vc_column][\/vc_row][vc_row disable_element=&#8221;yes&#8221; line=&#8221;right&#8221; css=&#8221;.vc_custom_1741173764633{padding-bottom: 20px !important;}&#8221;][vc_column][vc_custom_heading text=&#8221;TAMAMLANAN <b>PROJELER\u0130M\u0130z<\/b>&#8221; use_theme_fonts=&#8221;yes&#8221; css=&#8221;&#8221;][\/vc_column][\/vc_row][vc_row disable_element=&#8221;yes&#8221; fullwidth=&#8221;yes&#8221; css=&#8221;.vc_custom_1741173769734{padding-top: 0px !important;}&#8221;][vc_column]\t<div class=\"relative\">\n\t\t<div id=\"portfolio-h1\" class=\"owl-portfolio-h1 owl-page-h\">\n\t\t\t\t\t\t<div class=\"portfolio-h1-item row\">\n\t\t\t\t<div class=\"col-md-6\">\n\t\t\t\t\t<a href=\"https:\/\/mielac.com.tr\/index.php\/portfolio\/kofteci-yusuf\/\">\n\t\t\t        \t\t\t            \t\t\t                          \n\t\t\t                \t\t\t                    \t\t\t                    <img decoding=\"async\" src=\"https:\/\/mielac.com.tr\/wp-content\/uploads\/2016\/11\/crown-point-mcdonalds-rr-edit-003-1_hero-desktop.jpeg\" class=\"img-responsive\" alt=\"\">\n\t\t\t                                \n\t\t\t            \t\t\t        \t\t\t        <\/a>\n\t\t\t\t<\/div>\n\t\t\t\t<div class=\"col-md-6\">\n\t\t\t\t\t<div class=\"portfolio-des\">\n\t\t\t\t\t\t<span class=\"color-theme\">Commercial Architect<span>, <\/span><\/span>\n\t\t\t\t\t\t<h3>K\u00f6fteci Yusuf<\/h3>\n\t\t\t\t\t\t<p>Nullam id dolor id nibh ultricies vehicula ut id elit. Aenean eu leo quam. Pellentesque ornare sem lacinia quam venenatis vestibulum. Integer posuere.<\/p>\n\t\t\t\t\t\t<a href=\"https:\/\/mielac.com.tr\/index.php\/portfolio\/kofteci-yusuf\/\" class=\"ot-btn btn-style-2\">View Project<\/a>\n\t\t\t\t\t<\/div>\n\t\t\t\t<\/div>\n\t\t\t<\/div>\n\t\t\t\t\t\t<div class=\"portfolio-h1-item row\">\n\t\t\t\t<div class=\"col-md-6\">\n\t\t\t\t\t<a href=\"https:\/\/mielac.com.tr\/index.php\/portfolio\/eco-green-2\/\">\n\t\t\t        \t\t\t            \t\t\t                          \n\t\t\t                \t\t\t                    \t\t\t                    <img decoding=\"async\" src=\"https:\/\/mielac.com.tr\/wp-content\/uploads\/2016\/11\/ebebek-1.jpeg\" class=\"img-responsive\" alt=\"\">\n\t\t\t                                \n\t\t\t            \t\t\t        \t\t\t        <\/a>\n\t\t\t\t<\/div>\n\t\t\t\t<div class=\"col-md-6\">\n\t\t\t\t\t<div class=\"portfolio-des\">\n\t\t\t\t\t\t<span class=\"color-theme\">Renovation<span>, <\/span><\/span>\n\t\t\t\t\t\t<h3>Ebebek<\/h3>\n\t\t\t\t\t\t<p>Nullam id dolor id nibh ultricies vehicula ut id elit. Aenean eu leo quam. Pellentesque ornare sem lacinia quam venenatis vestibulum. Integer posuere.<\/p>\n\t\t\t\t\t\t<a href=\"https:\/\/mielac.com.tr\/index.php\/portfolio\/eco-green-2\/\" class=\"ot-btn btn-style-2\">View Project<\/a>\n\t\t\t\t\t<\/div>\n\t\t\t\t<\/div>\n\t\t\t<\/div>\n\t\t\t\t\t<\/div>\n\t\t\t\t<div class=\"outter-btn\" style=\"top: -110px\">\n\t\t\t<a href=\"#\" class=\"ot-btn border-dark\">T\u00fcm Projeler<\/a>\n\t\t<\/div>\n\t\t\t<\/div>\n\n  \t<script>\n\t\t(function($) { \"use strict\";\n\t\t\t\n\t\t\t$(\"#portfolio-h1\").owlCarousel({\n\t            autoplay: true,\n\t            autoplayTimeout: 6000,\n\t            loop:true,\n\t            items : 1,\n\t            dots:true,\n\t            nav:false,\n\t            animateOut: 'fadeOut',\n\t            animateIn: 'fadeIn',\n\t        });\n\n\t\t})(jQuery); \n\t<\/script>\n\n[\/vc_column][\/vc_row][vc_row disable_element=&#8221;yes&#8221; fullwidth=&#8221;yes&#8221; boxed=&#8221;true&#8221; css=&#8221;.vc_custom_1741159877773{padding-top: 100px !important;padding-bottom: 100px !important;background-image: url(http:\/\/demowp.vegatheme.com\/donald\/wp-content\/uploads\/sites\/11\/2016\/11\/testimonial-3-1.jpg?id=1699) !important;background-position: center !important;background-repeat: no-repeat !important;background-size: cover !important;}&#8221;][vc_column]\n\t\t<div class=\"customNavigation\">\n        <a class=\"btn-1 prev prev-testimonial-h1\"><span class=\"lnr lnr-chevron-left-circle\"><\/span><\/a>\n        <a class=\"btn-1 next next-testimonial-h1\"><span class=\"lnr lnr-chevron-right-circle\"><\/span><\/a>\n\t<\/div><!-- End owl button -->\n\t<div id=\"testimonial-1\" class=\"owl-testimonial-1\">\n\t\t\t\t<div class=\"item-testimonial-1 text-center\">\n\t\t\t<h2>DONALD IS THE <span class=\"color-theme\">MOST SUITABLE<\/span>\r\nFOR ARCHITECTURE WEBSITE<\/h2>\n\t\t\t<p>Vestibulum id ligula porta felis euismod semper. Morbi leo risus, porta ac consectetur ac,<br \/>\nmegestas at eros rutrum faucibus dolor auctor.<\/p>\n\t\t\t<div class=\"info\">\n\t\t\t\t<strong>Deborah Price<\/strong><span>( CEO of Company )<\/span>\n\t\t\t<\/div>\n\t\t\t\n\t\t<\/div>\n\t\t\t\t<div class=\"item-testimonial-1 text-center\">\n\t\t\t<h2><span class=\"color-theme\">DONALD ARCH<\/span> IS MODERN THEME<br> WITH MANY GREAT FEATURES<\/h2>\n\t\t\t<p>Sed posuere consectetur est lobortis porttitor morbi leo tibulum id ligula porta felis euismod<br \/>\nsemper commodo luctus gravida at eget metus.<\/p>\n\t\t\t<div class=\"info\">\n\t\t\t\t<strong>John Doe<\/strong><span>( Founder of Company )<\/span>\n\t\t\t<\/div>\n\t\t\t\n\t\t<\/div>\n\t\t\t\t<div class=\"item-testimonial-1 text-center\">\n\t\t\t<h2>DONALD IS THE <span class=\"color-theme\">MOST SUITABLE<\/span>\r\nFOR ARCHITECTURE WEBSITE<\/h2>\n\t\t\t<p>Fusce dapibus, tellus ac cursus commodo, tortor mauris condimentum nibh, fermentum massa<br \/>\namet risus fermentum massa justo sit amet risus.<\/p>\n\t\t\t<div class=\"info\">\n\t\t\t\t<strong>Jonathan Smith<\/strong><span>( Manager of Company )<\/span>\n\t\t\t<\/div>\n\t\t\t\n\t\t<\/div>\n\t\t\t<\/div>\n\t\n\t<script>\n\t\t(function($) { \"use strict\";\n\t\t\tvar owltestimonial1 = $(\"#testimonial-1\").owlCarousel({\n                autoplay: true,\n\t            autoplayTimeout: 6000,\n                items : 1,\n                loop:true,\n                dots:false,\n                nav:false,\n                animateOut: 'fadeOut',\n                animateIn: 'fadeIn',\n               \n            });\n        \n\t        $(\"body\").on(\"click\",\".next-testimonial-h1\",function(event){\n\t          owltestimonial1.trigger(\"next.owl.carousel\");\n\t        });\n\t        $(\"body\").on(\"click\",\".prev-testimonial-h1\",function(event){\n\t          owltestimonial1.trigger(\"prev.owl.carousel\");\n\t        }); \n\n\t\t})(jQuery); \n\t<\/script>\n\n\t\n[\/vc_column][\/vc_row][vc_row disable_element=&#8221;yes&#8221; css=&#8221;.vc_custom_1741173755056{background-position: 0 0 !important;background-repeat: no-repeat !important;}&#8221;][vc_column]\n        <div id=\"partner-69dfcb655f4c0\" class=\"owl-partner\">\n        \t\t\t\t<div class=\"partner-item\">\n\t\t\t\t            \t\t<img loading=\"lazy\" decoding=\"async\" width=\"468\" height=\"201\" src=\"https:\/\/mielac.com.tr\/wp-content\/uploads\/2025\/03\/Artboard-19-8.png\" class=\"img-responsive\" alt=\"\" srcset=\"https:\/\/mielac.com.tr\/wp-content\/uploads\/2025\/03\/Artboard-19-8.png 468w, https:\/\/mielac.com.tr\/wp-content\/uploads\/2025\/03\/Artboard-19-8-300x129.png 300w\" sizes=\"auto, (max-width: 468px) 100vw, 468px\" \/>            \t\t\t\t<\/div>\n\t\t\t\t\t\t<div class=\"partner-item\">\n\t\t\t\t            \t\t<img loading=\"lazy\" decoding=\"async\" width=\"468\" height=\"201\" src=\"https:\/\/mielac.com.tr\/wp-content\/uploads\/2025\/03\/Artboard-20-8.png\" class=\"img-responsive\" alt=\"\" srcset=\"https:\/\/mielac.com.tr\/wp-content\/uploads\/2025\/03\/Artboard-20-8.png 468w, https:\/\/mielac.com.tr\/wp-content\/uploads\/2025\/03\/Artboard-20-8-300x129.png 300w\" sizes=\"auto, (max-width: 468px) 100vw, 468px\" \/>            \t\t\t\t<\/div>\n\t\t\t\t\t\t<div class=\"partner-item\">\n\t\t\t\t            \t\t<img loading=\"lazy\" decoding=\"async\" width=\"468\" height=\"201\" src=\"https:\/\/mielac.com.tr\/wp-content\/uploads\/2025\/03\/Artboard-21-8.png\" class=\"img-responsive\" alt=\"\" srcset=\"https:\/\/mielac.com.tr\/wp-content\/uploads\/2025\/03\/Artboard-21-8.png 468w, https:\/\/mielac.com.tr\/wp-content\/uploads\/2025\/03\/Artboard-21-8-300x129.png 300w\" sizes=\"auto, (max-width: 468px) 100vw, 468px\" \/>            \t\t\t\t<\/div>\n\t\t\t\t\t\t<div class=\"partner-item\">\n\t\t\t\t            \t\t<img loading=\"lazy\" decoding=\"async\" width=\"468\" height=\"201\" src=\"https:\/\/mielac.com.tr\/wp-content\/uploads\/2025\/03\/Artboard-22-8.png\" class=\"img-responsive\" alt=\"\" srcset=\"https:\/\/mielac.com.tr\/wp-content\/uploads\/2025\/03\/Artboard-22-8.png 468w, https:\/\/mielac.com.tr\/wp-content\/uploads\/2025\/03\/Artboard-22-8-300x129.png 300w\" sizes=\"auto, (max-width: 468px) 100vw, 468px\" \/>            \t\t\t\t<\/div>\n\t\t\t\t\t\t<div class=\"partner-item\">\n\t\t\t\t            \t\t<img loading=\"lazy\" decoding=\"async\" width=\"468\" height=\"201\" src=\"https:\/\/mielac.com.tr\/wp-content\/uploads\/2025\/03\/Artboard-23-8.png\" class=\"img-responsive\" alt=\"\" srcset=\"https:\/\/mielac.com.tr\/wp-content\/uploads\/2025\/03\/Artboard-23-8.png 468w, https:\/\/mielac.com.tr\/wp-content\/uploads\/2025\/03\/Artboard-23-8-300x129.png 300w\" sizes=\"auto, (max-width: 468px) 100vw, 468px\" \/>            \t\t\t\t<\/div>\n\t\t\t\t\t\t<div class=\"partner-item\">\n\t\t\t\t            \t\t<img loading=\"lazy\" decoding=\"async\" width=\"468\" height=\"201\" src=\"https:\/\/mielac.com.tr\/wp-content\/uploads\/2025\/03\/Artboard-24-8.png\" class=\"img-responsive\" alt=\"\" srcset=\"https:\/\/mielac.com.tr\/wp-content\/uploads\/2025\/03\/Artboard-24-8.png 468w, https:\/\/mielac.com.tr\/wp-content\/uploads\/2025\/03\/Artboard-24-8-300x129.png 300w\" sizes=\"auto, (max-width: 468px) 100vw, 468px\" \/>            \t\t\t\t<\/div>\n\t\t\t\t\t\t<div class=\"partner-item\">\n\t\t\t\t            \t\t<img loading=\"lazy\" decoding=\"async\" width=\"468\" height=\"201\" src=\"https:\/\/mielac.com.tr\/wp-content\/uploads\/2025\/03\/Artboard-25-8.png\" class=\"img-responsive\" alt=\"\" srcset=\"https:\/\/mielac.com.tr\/wp-content\/uploads\/2025\/03\/Artboard-25-8.png 468w, https:\/\/mielac.com.tr\/wp-content\/uploads\/2025\/03\/Artboard-25-8-300x129.png 300w\" sizes=\"auto, (max-width: 468px) 100vw, 468px\" \/>            \t\t\t\t<\/div>\n\t\t\t\t\t\t<div class=\"partner-item\">\n\t\t\t\t            \t\t<img loading=\"lazy\" decoding=\"async\" width=\"468\" height=\"201\" src=\"https:\/\/mielac.com.tr\/wp-content\/uploads\/2025\/03\/Artboard-26-8.png\" class=\"img-responsive\" alt=\"\" srcset=\"https:\/\/mielac.com.tr\/wp-content\/uploads\/2025\/03\/Artboard-26-8.png 468w, https:\/\/mielac.com.tr\/wp-content\/uploads\/2025\/03\/Artboard-26-8-300x129.png 300w\" sizes=\"auto, (max-width: 468px) 100vw, 468px\" \/>            \t\t\t\t<\/div>\n\t\t\t\t\t\t<div class=\"partner-item\">\n\t\t\t\t            \t\t<img loading=\"lazy\" decoding=\"async\" width=\"468\" height=\"201\" src=\"https:\/\/mielac.com.tr\/wp-content\/uploads\/2025\/03\/Artboard-27-8.png\" class=\"img-responsive\" alt=\"\" srcset=\"https:\/\/mielac.com.tr\/wp-content\/uploads\/2025\/03\/Artboard-27-8.png 468w, https:\/\/mielac.com.tr\/wp-content\/uploads\/2025\/03\/Artboard-27-8-300x129.png 300w\" sizes=\"auto, (max-width: 468px) 100vw, 468px\" \/>            \t\t\t\t<\/div>\n\t\t\t\t\t\t<div class=\"partner-item\">\n\t\t\t\t            \t\t<img loading=\"lazy\" decoding=\"async\" width=\"468\" height=\"201\" src=\"https:\/\/mielac.com.tr\/wp-content\/uploads\/2025\/03\/Artboard-28-8.png\" class=\"img-responsive\" alt=\"\" srcset=\"https:\/\/mielac.com.tr\/wp-content\/uploads\/2025\/03\/Artboard-28-8.png 468w, https:\/\/mielac.com.tr\/wp-content\/uploads\/2025\/03\/Artboard-28-8-300x129.png 300w\" sizes=\"auto, (max-width: 468px) 100vw, 468px\" \/>            \t\t\t\t<\/div>\n\t\t\t\t\t\t<div class=\"partner-item\">\n\t\t\t\t            \t\t<img loading=\"lazy\" decoding=\"async\" width=\"468\" height=\"201\" src=\"https:\/\/mielac.com.tr\/wp-content\/uploads\/2025\/03\/Artboard-29-8.png\" class=\"img-responsive\" alt=\"\" srcset=\"https:\/\/mielac.com.tr\/wp-content\/uploads\/2025\/03\/Artboard-29-8.png 468w, https:\/\/mielac.com.tr\/wp-content\/uploads\/2025\/03\/Artboard-29-8-300x129.png 300w\" sizes=\"auto, (max-width: 468px) 100vw, 468px\" \/>            \t\t\t\t<\/div>\n\t\t\t\t\t\t<div class=\"partner-item\">\n\t\t\t\t            \t\t<img loading=\"lazy\" decoding=\"async\" width=\"468\" height=\"201\" src=\"https:\/\/mielac.com.tr\/wp-content\/uploads\/2025\/03\/Artboard-30-8.png\" class=\"img-responsive\" alt=\"\" srcset=\"https:\/\/mielac.com.tr\/wp-content\/uploads\/2025\/03\/Artboard-30-8.png 468w, https:\/\/mielac.com.tr\/wp-content\/uploads\/2025\/03\/Artboard-30-8-300x129.png 300w\" sizes=\"auto, (max-width: 468px) 100vw, 468px\" \/>            \t\t\t\t<\/div>\n\t\t\t\t\t<\/div>\n\n\t\t<script>\n\t\t\t(function($) { \"use strict\";\t\n\n\t\t\t\t$( \"#partner-69dfcb655f4c0\" ).owlCarousel({\n\n    \t\t\t\tautoplay: true,\n\t            \tautoplayTimeout: 5000,\n\t\t            items : 6,\n\t\t            responsiveClass:true,\n\t\t            responsive : {\n\t\t            \/\/ breakpoint from 0 up\n\t\t            0 : {\n\t\t               items:1,\n\t\t            },\n\t\t            \/\/ breakpoint from 480 up\n\t\t            480 : {\n\t\t               items:1,\n\t\t            },\n\t\t            \/\/ breakpoint from 768 up\n\t\t            768 : {\n\t\t                items:3,\n\t\t            },\n\t\t            992 : {\n\t\t                items:3,\n\t\t            },\n\t\t            1440 : {\n\t\t                items:6 - 1,\n\t\t            },\n\t\t            1920 : {\n\t\t                items:6,\n\t\t            }\n\t\t        },\n\t\t            dots:false,\n\t\t            nav:false,\n\t\t            animateOut: 'fadeOut',\n\t\t            animateIn: 'fadeIn',\n\t\t        }); \n\n\t\t\t})(jQuery); \n\t\t<\/script>\n\n[\/vc_column][\/vc_row][vc_row boxed=&#8221;true&#8221; css=&#8221;.vc_custom_1712054915679{background-image: url(http:\/\/demowp.vegatheme.com\/donald\/wp-content\/uploads\/sites\/11\/2016\/11\/bg-contact-1-1.jpg?id=1732) !important;background-position: center !important;background-repeat: no-repeat !important;background-size: cover !important;}&#8221; el_class=&#8221;on-dark&#8221;][vc_column][vc_custom_heading text=&#8221;<b>\u0130leti\u015fim <\/b>&#8221; font_container=&#8221;tag:h2|text_align:left|color:%23ffffff&#8221; use_theme_fonts=&#8221;yes&#8221; css=&#8221;&#8221;][\/vc_column][vc_column offset=&#8221;vc_col-md-3&#8243;]\t<div class=\"icon-box-contact\">\n\t\t<img loading=\"lazy\" decoding=\"async\" width=\"30\" height=\"19\" src=\"https:\/\/mielac.com.tr\/wp-content\/uploads\/2016\/11\/icon-mail-1.png\" class=\"img-responsive\" alt=\"\" \/>\t\t<label>E posta<\/label>\n\t\tinfo@mielac.com.tr<br \/>\n\t<\/div>\n\n\t<div class=\"icon-box-contact\">\n\t\t<img loading=\"lazy\" decoding=\"async\" width=\"16\" height=\"30\" src=\"https:\/\/mielac.com.tr\/wp-content\/uploads\/2016\/11\/icon-phone-1.png\" class=\"img-responsive\" alt=\"\" \/>\t\t<label>Telefon<\/label>\n\t\t+ 90 552 380 24 11\t<\/div>\n\n[\/vc_column][vc_column offset=&#8221;vc_col-md-9&#8243;]\n<div class=\"wpcf7 no-js\" id=\"wpcf7-f1294-o1\" lang=\"en-US\" dir=\"ltr\" data-wpcf7-id=\"1294\">\n<div class=\"screen-reader-response\"><p role=\"status\" aria-live=\"polite\" aria-atomic=\"true\"><\/p> <ul><\/ul><\/div>\n<form action=\"\/index.php\/wp-json\/wp\/v2\/pages\/1443#wpcf7-f1294-o1\" method=\"post\" class=\"wpcf7-form init\" aria-label=\"Contact form\" novalidate=\"novalidate\" data-status=\"init\">\n<div style=\"display: none;\">\n<input type=\"hidden\" name=\"_wpcf7\" value=\"1294\" \/>\n<input type=\"hidden\" name=\"_wpcf7_version\" value=\"6.0.3\" \/>\n<input type=\"hidden\" name=\"_wpcf7_locale\" value=\"en_US\" \/>\n<input type=\"hidden\" name=\"_wpcf7_unit_tag\" value=\"wpcf7-f1294-o1\" \/>\n<input type=\"hidden\" name=\"_wpcf7_container_post\" value=\"0\" \/>\n<input type=\"hidden\" name=\"_wpcf7_posted_data_hash\" value=\"\" \/>\n<\/div>\n<div class=\"row\">\n\t<div class=\"col-md-4 col-sm-6\">\n\t\t<p><span class=\"wpcf7-form-control-wrap\" data-name=\"your-name\"><input size=\"40\" maxlength=\"400\" class=\"wpcf7-form-control wpcf7-text wpcf7-validates-as-required contact-input\" aria-required=\"true\" aria-invalid=\"false\" placeholder=\"Ad\u0131n\u0131z\" value=\"\" type=\"text\" name=\"your-name\" \/><\/span><br \/>\n<span class=\"wpcf7-form-control-wrap\" data-name=\"your-phone\"><input size=\"40\" maxlength=\"400\" class=\"wpcf7-form-control wpcf7-text contact-input\" aria-invalid=\"false\" placeholder=\"Telefon\" value=\"\" type=\"text\" name=\"your-phone\" \/><\/span>\n\t\t<\/p>\n\t<\/div>\n\t<div class=\"col-md-4 col-sm-6\">\n\t\t<p><span class=\"wpcf7-form-control-wrap\" data-name=\"your-email\"><input size=\"40\" maxlength=\"400\" class=\"wpcf7-form-control wpcf7-email wpcf7-validates-as-required wpcf7-text wpcf7-validates-as-email contact-input\" aria-required=\"true\" aria-invalid=\"false\" placeholder=\"E Posta\" value=\"\" type=\"email\" name=\"your-email\" \/><\/span><br \/>\n<span class=\"wpcf7-form-control-wrap\" data-name=\"your-subject\"><input size=\"40\" maxlength=\"400\" class=\"wpcf7-form-control wpcf7-text contact-input\" aria-invalid=\"false\" placeholder=\"Konu\" value=\"\" type=\"text\" name=\"your-subject\" \/><\/span>\n\t\t<\/p>\n\t<\/div>\n\t<div class=\"col-md-4 col-sm-6\">\n\t\t<p><span class=\"wpcf7-form-control-wrap\" data-name=\"your-message\"><textarea cols=\"40\" rows=\"3\" maxlength=\"2000\" class=\"wpcf7-form-control wpcf7-textarea wpcf7-validates-as-required textarea-contact\" aria-required=\"true\" aria-invalid=\"false\" placeholder=\"Telefon\" name=\"your-message\"><\/textarea><\/span>\n\t\t<\/p>\n\t<\/div>\n\t<div class=\"clearfix\">\n\t<\/div>\n\t<div class=\"col-md-4 \">\n\t\t<p><button type=\"submit\" class=\"ot-btn border-dark btn-contact\">G\u00f6nder<\/button>\n\t\t<\/p>\n\t<\/div>\n<\/div><div class=\"wpcf7-response-output\" aria-hidden=\"true\"><\/div>\n<\/form>\n<\/div>\n[\/vc_column][\/vc_row]<\/p>\n<\/div>","protected":false},"excerpt":{"rendered":"<p>[vc_row fullwidth=&#8221;yes&#8221; boxed=&#8221;true&#8221; css=&#8221;.vc_custom_1479801959567{padding-top: 0px !important;padding-bottom: 40px !important;}&#8221;][vc_column][rev_slider_vc alias=&#8221;home-1&#8243;][\/vc_column][\/vc_row][vc_row line=&#8221;left&#8221; el_class=&#8221;top-right size-32&#8243; css=&#8221;.vc_custom_1741162898050{background-image: url(https:\/\/mielac.com.tr\/wp-content\/uploads\/2025\/03\/proje.jpg?id=1809) !important;background-position: 0 0 !important;background-repeat: no-repeat !important;}&#8221;][vc_column][vc_custom_heading text=&#8221;PROJELER\u0130N\u0130ZDE M\u0130EL KL\u0130MA VE ENERJ\u0130&#8221; use_theme_fonts=&#8221;yes&#8221; css=&#8221;&#8221;][vc_column_text css=&#8221;.vc_custom_1741163158303{margin-bottom: 50px !important;}&#8221;]Projeleriniz i\u00e7in, ba\u015fta VRF Sistemler olmak \u00fczere, HVAC \u00fcr\u00fcn tedari\u011fi, uygulama hizmetleri, bak\u0131m ve ar\u0131za destek \u00e7\u00f6z\u00fcmleri konular\u0131nda hizmet vermektedir. Bunun yan\u0131nda, yurtd\u0131\u015f\u0131ndan \u00fcr\u00fcn getirmek isteyen [&hellip;]<\/p>\n","protected":false},"author":1,"featured_media":0,"parent":0,"menu_order":0,"comment_status":"closed","ping_status":"closed","template":"page-templates\/template-canvas.php","meta":{"footnotes":""},"class_list":["post-1443","page","type-page","status-publish","hentry"],"_links":{"self":[{"href":"https:\/\/mielac.com.tr\/index.php\/wp-json\/wp\/v2\/pages\/1443","targetHints":{"allow":["GET"]}}],"collection":[{"href":"https:\/\/mielac.com.tr\/index.php\/wp-json\/wp\/v2\/pages"}],"about":[{"href":"https:\/\/mielac.com.tr\/index.php\/wp-json\/wp\/v2\/types\/page"}],"author":[{"embeddable":true,"href":"https:\/\/mielac.com.tr\/index.php\/wp-json\/wp\/v2\/users\/1"}],"replies":[{"embeddable":true,"href":"https:\/\/mielac.com.tr\/index.php\/wp-json\/wp\/v2\/comments?post=1443"}],"version-history":[{"count":13,"href":"https:\/\/mielac.com.tr\/index.php\/wp-json\/wp\/v2\/pages\/1443\/revisions"}],"predecessor-version":[{"id":1851,"href":"https:\/\/mielac.com.tr\/index.php\/wp-json\/wp\/v2\/pages\/1443\/revisions\/1851"}],"wp:attachment":[{"href":"https:\/\/mielac.com.tr\/index.php\/wp-json\/wp\/v2\/media?parent=1443"}],"curies":[{"name":"wp","href":"https:\/\/api.w.org\/{rel}","templated":true}]}}